
{"id":425,"date":"2024-07-06T03:49:52","date_gmt":"2024-07-06T03:49:52","guid":{"rendered":"https:\/\/divineshop.vn\/pages\/?page_id=425"},"modified":"2024-07-06T03:50:08","modified_gmt":"2024-07-06T03:50:08","slug":"elementor-425","status":"publish","type":"page","link":"https:\/\/divineshop.vn\/pages\/elementor-425\/","title":{"rendered":"Elementor #425"},"content":{"rendered":"\t\t<div data-elementor-type=\"wp-page\" data-elementor-id=\"425\" class=\"elementor elementor-425\" data-elementor-post-type=\"page\">\n\t\t\t\t<div data-particle_enable=\"false\" data-particle-mobile-disabled=\"false\" class=\"has_ae_slider elementor-element elementor-element-e691673 e-flex e-con-boxed ae-bg-gallery-type-default e-con e-parent\" data-id=\"e691673\" data-element_type=\"container\" data-settings=\"{&quot;_ha_eqh_enable&quot;:false}\">\n\t\t\t\t\t<div class=\"e-con-inner\">\n\t\t\t\t<div class=\"elementor-element elementor-element-3f5d76c elementor-widget elementor-widget-heading\" data-id=\"3f5d76c\" data-element_type=\"widget\" data-widget_type=\"heading.default\">\n\t\t\t\t<div class=\"elementor-widget-container\">\n\t\t\t<style>\/*! elementor - v3.22.0 - 26-06-2024 *\/\n.elementor-heading-title{padding:0;margin:0;line-height:1}.elementor-widget-heading .elementor-heading-title[class*=elementor-size-]>a{color:inherit;font-size:inherit;line-height:inherit}.elementor-widget-heading .elementor-heading-title.elementor-size-small{font-size:15px}.elementor-widget-heading .elementor-heading-title.elementor-size-medium{font-size:19px}.elementor-widget-heading .elementor-heading-title.elementor-size-large{font-size:29px}.elementor-widget-heading .elementor-heading-title.elementor-size-xl{font-size:39px}.elementor-widget-heading .elementor-heading-title.elementor-size-xxl{font-size:59px}<\/style><h2 class=\"elementor-heading-title elementor-size-default\">Th\u00eam Ti\u00eau \u0110\u1ec1 C\u1ee7a B\u1ea1n \u1ede \u0110\u00e2y<\/h2>\t\t<\/div>\n\t\t\t\t<\/div>\n\t\t\t\t\t<\/div>\n\t\t\t\t<\/div>\n\t\t\t\t<\/div>\n\t\t","protected":false},"excerpt":{"rendered":"<p>Th\u00eam Ti\u00eau \u0110\u1ec1 C\u1ee7a B\u1ea1n \u1ede \u0110\u00e2y<\/p>\n","protected":false},"author":4,"featured_media":0,"parent":0,"menu_order":0,"comment_status":"closed","ping_status":"closed","template":"","meta":{"footnotes":""},"_links":{"self":[{"href":"https:\/\/divineshop.vn\/pages\/wp-json\/wp\/v2\/pages\/425"}],"collection":[{"href":"https:\/\/divineshop.vn\/pages\/wp-json\/wp\/v2\/pages"}],"about":[{"href":"https:\/\/divineshop.vn\/pages\/wp-json\/wp\/v2\/types\/page"}],"author":[{"embeddable":true,"href":"https:\/\/divineshop.vn\/pages\/wp-json\/wp\/v2\/users\/4"}],"replies":[{"embeddable":true,"href":"https:\/\/divineshop.vn\/pages\/wp-json\/wp\/v2\/comments?post=425"}],"version-history":[{"count":4,"href":"https:\/\/divineshop.vn\/pages\/wp-json\/wp\/v2\/pages\/425\/revisions"}],"predecessor-version":[{"id":429,"href":"https:\/\/divineshop.vn\/pages\/wp-json\/wp\/v2\/pages\/425\/revisions\/429"}],"wp:attachment":[{"href":"https:\/\/divineshop.vn\/pages\/wp-json\/wp\/v2\/media?parent=425"}],"curies":[{"name":"wp","href":"https:\/\/api.w.org\/{rel}","templated":true}]}}